{"id":1526,"date":"2016-04-22T23:43:53","date_gmt":"2016-04-22T23:43:53","guid":{"rendered":"http:\/\/scout.fse.it\/guide\/?page_id=1526"},"modified":"2022-01-29T19:01:09","modified_gmt":"2022-01-29T18:01:09","slug":"chi-siamo-motto-legge-e-promessa","status":"publish","type":"page","link":"https:\/\/scout.fse.it\/guide\/chi-siamo-motto-legge-e-promessa\/","title":{"rendered":"Le Guide &#8211; Chi siamo? &#8211; Motto, Legge e Promessa"},"content":{"rendered":"[et_pb_section bb_built=&#8221;1&#8243; fullwidth=&#8221;on&#8221; specialty=&#8221;off&#8221; inner_width=&#8221;auto&#8221; inner_max_width=&#8221;1080px&#8221; next_background_color=&#8221;#000000&#8243;][et_pb_fullwidth_header title=&#8221;Le Guide&#8221; subhead=&#8221;Guidismo per ragazze&#8221; background_layout=&#8221;dark&#8221; text_orientation=&#8221;left&#8221; header_fullscreen=&#8221;off&#8221; header_scroll_down=&#8221;off&#8221; parallax=&#8221;off&#8221; parallax_method=&#8221;off&#8221; content_orientation=&#8221;center&#8221; image_orientation=&#8221;center&#8221; custom_button_one=&#8221;off&#8221; button_one_letter_spacing=&#8221;0&#8243; button_one_use_icon=&#8221;default&#8221; button_one_icon_placement=&#8221;right&#8221; button_one_on_hover=&#8221;on&#8221; button_one_letter_spacing_hover=&#8221;0&#8243; custom_button_two=&#8221;off&#8221; button_two_letter_spacing=&#8221;0&#8243; button_two_use_icon=&#8221;default&#8221; button_two_icon_placement=&#8221;right&#8221; button_two_on_hover=&#8221;on&#8221; button_two_letter_spacing_hover=&#8221;0&#8243; background_url=&#8221;https:\/\/portalistorage.blob.core.windows.net\/portale-guide\/2019\/05\/2-3.jpg&#8221; background_image=&#8221;https:\/\/portalistorage.blob.core.windows.net\/portale-guide\/2019\/05\/2-3.jpg&#8221; content_max_width=&#8221;none&#8221; background_color=&#8221;rgba(255, 255, 255, 0)&#8221; button_one_text_size__hover_enabled=&#8221;off&#8221; button_one_text_size__hover=&#8221;null&#8221; button_two_text_size__hover_enabled=&#8221;off&#8221; button_two_text_size__hover=&#8221;null&#8221; button_one_text_color__hover_enabled=&#8221;off&#8221; button_one_text_color__hover=&#8221;null&#8221; button_two_text_color__hover_enabled=&#8221;off&#8221; button_two_text_color__hover=&#8221;null&#8221; button_one_border_width__hover_enabled=&#8221;off&#8221; button_one_border_width__hover=&#8221;null&#8221; button_two_border_width__hover_enabled=&#8221;off&#8221; button_two_border_width__hover=&#8221;null&#8221; button_one_border_color__hover_enabled=&#8221;off&#8221; button_one_border_color__hover=&#8221;null&#8221; button_two_border_color__hover_enabled=&#8221;off&#8221; button_two_border_color__hover=&#8221;null&#8221; button_one_border_radius__hover_enabled=&#8221;off&#8221; button_one_border_radius__hover=&#8221;null&#8221; button_two_border_radius__hover_enabled=&#8221;off&#8221; button_two_border_radius__hover=&#8221;null&#8221; button_one_letter_spacing__hover_enabled=&#8221;on&#8221; button_one_letter_spacing__hover=&#8221;0&#8243; button_two_letter_spacing__hover_enabled=&#8221;on&#8221; button_two_letter_spacing__hover=&#8221;0&#8243; button_one_bg_color__hover_enabled=&#8221;off&#8221; button_one_bg_color__hover=&#8221;null&#8221; button_two_bg_color__hover_enabled=&#8221;off&#8221; button_two_bg_color__hover=&#8221;null&#8221; \/][\/et_pb_section][et_pb_section bb_built=&#8221;1&#8243; prev_background_color=&#8221;#000000&#8243;][et_pb_row][et_pb_column type=&#8221;4_4&#8243; custom_padding__hover=&#8221;|||&#8221; custom_padding=&#8221;|||&#8221;][et_pb_text use_border_color=&#8221;off&#8221; background_position=&#8221;top_left&#8221; background_repeat=&#8221;repeat&#8221; background_size=&#8221;initial&#8221; _builder_version=&#8221;4.14.4&#8243; text_text_shadow_horizontal_length=&#8221;text_text_shadow_style,%91object Object%93&#8243; text_text_shadow_horizontal_length_tablet=&#8221;0px&#8221; text_text_shadow_vertical_length=&#8221;text_text_shadow_style,%91object Object%93&#8243; text_text_shadow_vertical_length_tablet=&#8221;0px&#8221; text_text_shadow_blur_strength=&#8221;text_text_shadow_style,%91object Object%93&#8243; text_text_shadow_blur_strength_tablet=&#8221;1px&#8221; link_text_shadow_horizontal_length=&#8221;link_text_shadow_style,%91object Object%93&#8243; link_text_shadow_horizontal_length_tablet=&#8221;0px&#8221; link_text_shadow_vertical_length=&#8221;link_text_shadow_style,%91object Object%93&#8243; link_text_shadow_vertical_length_tablet=&#8221;0px&#8221; link_text_shadow_blur_strength=&#8221;link_text_shadow_style,%91object Object%93&#8243; link_text_shadow_blur_strength_tablet=&#8221;1px&#8221; ul_text_shadow_horizontal_length=&#8221;ul_text_shadow_style,%91object Object%93&#8243; ul_text_shadow_horizontal_length_tablet=&#8221;0px&#8221; ul_text_shadow_vertical_length=&#8221;ul_text_shadow_style,%91object Object%93&#8243; ul_text_shadow_vertical_length_tablet=&#8221;0px&#8221; ul_text_shadow_blur_strength=&#8221;ul_text_shadow_style,%91object Object%93&#8243; ul_text_shadow_blur_strength_tablet=&#8221;1px&#8221; ol_text_shadow_horizontal_length=&#8221;ol_text_shadow_style,%91object Object%93&#8243; ol_text_shadow_horizontal_length_tablet=&#8221;0px&#8221; ol_text_shadow_vertical_length=&#8221;ol_text_shadow_style,%91object Object%93&#8243; ol_text_shadow_vertical_length_tablet=&#8221;0px&#8221; ol_text_shadow_blur_strength=&#8221;ol_text_shadow_style,%91object Object%93&#8243; ol_text_shadow_blur_strength_tablet=&#8221;1px&#8221; quote_text_shadow_horizontal_length=&#8221;quote_text_shadow_style,%91object Object%93&#8243; quote_text_shadow_horizontal_length_tablet=&#8221;0px&#8221; quote_text_shadow_vertical_length=&#8221;quote_text_shadow_style,%91object Object%93&#8243; quote_text_shadow_vertical_length_tablet=&#8221;0px&#8221; quote_text_shadow_blur_strength=&#8221;quote_text_shadow_style,%91object Object%93&#8243; quote_text_shadow_blur_strength_tablet=&#8221;1px&#8221; header_text_shadow_horizontal_length=&#8221;header_text_shadow_style,%91object Object%93&#8243; header_text_shadow_horizontal_length_tablet=&#8221;0px&#8221; header_text_shadow_vertical_length=&#8221;header_text_shadow_style,%91object Object%93&#8243; header_text_shadow_vertical_length_tablet=&#8221;0px&#8221; header_text_shadow_blur_strength=&#8221;header_text_shadow_style,%91object Object%93&#8243; header_text_shadow_blur_strength_tablet=&#8221;1px&#8221; header_2_text_shadow_horizontal_length=&#8221;header_2_text_shadow_style,%91object Object%93&#8243; header_2_text_shadow_horizontal_length_tablet=&#8221;0px&#8221; header_2_text_shadow_vertical_length=&#8221;header_2_text_shadow_style,%91object Object%93&#8243; header_2_text_shadow_vertical_length_tablet=&#8221;0px&#8221; header_2_text_shadow_blur_strength=&#8221;header_2_text_shadow_style,%91object Object%93&#8243; header_2_text_shadow_blur_strength_tablet=&#8221;1px&#8221; header_3_text_shadow_horizontal_length=&#8221;header_3_text_shadow_style,%91object Object%93&#8243; header_3_text_shadow_horizontal_length_tablet=&#8221;0px&#8221; header_3_text_shadow_vertical_length=&#8221;header_3_text_shadow_style,%91object Object%93&#8243; header_3_text_shadow_vertical_length_tablet=&#8221;0px&#8221; header_3_text_shadow_blur_strength=&#8221;header_3_text_shadow_style,%91object Object%93&#8243; header_3_text_shadow_blur_strength_tablet=&#8221;1px&#8221; header_4_text_shadow_horizontal_length=&#8221;header_4_text_shadow_style,%91object Object%93&#8243; header_4_text_shadow_horizontal_length_tablet=&#8221;0px&#8221; header_4_text_shadow_vertical_length=&#8221;header_4_text_shadow_style,%91object Object%93&#8243; header_4_text_shadow_vertical_length_tablet=&#8221;0px&#8221; header_4_text_shadow_blur_strength=&#8221;header_4_text_shadow_style,%91object Object%93&#8243; header_4_text_shadow_blur_strength_tablet=&#8221;1px&#8221; header_5_text_shadow_horizontal_length=&#8221;header_5_text_shadow_style,%91object Object%93&#8243; header_5_text_shadow_horizontal_length_tablet=&#8221;0px&#8221; header_5_text_shadow_vertical_length=&#8221;header_5_text_shadow_style,%91object Object%93&#8243; header_5_text_shadow_vertical_length_tablet=&#8221;0px&#8221; header_5_text_shadow_blur_strength=&#8221;header_5_text_shadow_style,%91object Object%93&#8243; header_5_text_shadow_blur_strength_tablet=&#8221;1px&#8221; header_6_text_shadow_horizontal_length=&#8221;header_6_text_shadow_style,%91object Object%93&#8243; header_6_text_shadow_horizontal_length_tablet=&#8221;0px&#8221; header_6_text_shadow_vertical_length=&#8221;header_6_text_shadow_style,%91object Object%93&#8243; header_6_text_shadow_vertical_length_tablet=&#8221;0px&#8221; header_6_text_shadow_blur_strength=&#8221;header_6_text_shadow_style,%91object Object%93&#8243; header_6_text_shadow_blur_strength_tablet=&#8221;1px&#8221; box_shadow_horizontal_tablet=&#8221;0px&#8221; box_shadow_vertical_tablet=&#8221;0px&#8221; box_shadow_blur_tablet=&#8221;40px&#8221; box_shadow_spread_tablet=&#8221;0px&#8221; vertical_offset_tablet=&#8221;0&#8243; horizontal_offset_tablet=&#8221;0&#8243; z_index_tablet=&#8221;0&#8243;]\n<p><strong>LE GUIDE &#8211; CHI SIAMO<\/strong><\/p>\n<p style=\"text-align: right;\"><strong>Liberamente estratto dalle NORME DIRETTIVE DI BRANCA GUIDE.<\/strong><\/p>\n<p>Il Guidismo \u00e8 il Metodo educativo scout nella sua attuazione al femminile.<\/p>\n<p>Si ispira, quindi, ai principi fondamentali dello Scautismo ideato dal fondatore Lord Robert Baden-Powell.<\/p>\n<p>il Guidismo si propone come mezzo per accompagnare la bambina, lungo il suo percorso di crescita psico-fisica, a diventare \u201cdonna di carattere\u201d, a scoprire la sua vocazione e, pertanto, a vivere in pienezza con gioia. La finalit\u00e0 del Metodo, quindi, \u00e8 la formazione della persona in quanto <strong>DONNA; BUONA CRISTIANA E BUONA CITTADINA.<\/strong><\/p>\n<p>La Branca Guide \u00e8 la Branca centrale del Metodo, quella che comprende la tipica et\u00e0 per cui il Metodo stesso \u00e8 stato ideato. La Branca Coccinelle ne \u00e8 la preparazione e la Branca Scolte il completamento.<\/p>\n<p>Il Metodo, applicato in Branca Guide, si rivolge a ragazze di et\u00e0 compresa <strong>tra gli 11 e i 16 anni<\/strong>, e mira a dar loro \u2013 in un passaggio di vita delicato qual \u00e8 la fase dell\u2019adolescenza e in collaborazione con<em> la famiglia, la Chiesa e la scuola<\/em> \u2013 sane abitudini di vita, competenze<\/p>\n<p>concrete, il gusto delle cose ben fatte, un\u2019intelligenza attiva, una mentalit\u00e0 aperta alle necessit\u00e0 degli altri, il desiderio di scoprire s\u00e9 stesse e l\u2019amore di Dio nella propria vita.<\/p>\n<p>Il grande gioco che il Guidismo propone (la bella avventura), simboleggia proprio la vita con le tappe, le difficolt\u00e0, il gusto della conquista, la gioia della condivisione e di salire insieme verso la vetta. Le ragazze possono vivere tutto questo e sviluppare, cos\u00ec, la propria personalit\u00e0, se accompagnate nella crescita da una figura adulta, <em>la Capo Riparto<\/em>. La sua testimonianza di vita e di servizio consente alle ragazze di guardare a un adulto che vive e s\u2019impegna concretamente per realizzare quegli stessi ideali ai quali anch\u2019esse tendono.<\/p>\n<p>Il <strong>MOTTO<\/strong> delle Guide \u00e8 \u00a0 \u00a0 \u00a0 \u00a0\u00a0<strong>ESTOTE PARATI<\/strong><\/p>\n<p>(\u201cSiate sempre pronti con la cintura ai fianchi e le lucerne accese\u201d, Lc 12,35):<\/p>\n<ul>\n<li>\u201cessere pronte\u201d a rispondere alla propria chiamata;<\/li>\n<li>pronte a compiere il proprio dovere e ad aiutare quando occorre;<\/li>\n<li>consapevoli che \u00e8 necessario \u201cprepararsi\u201d per poter essere utili.<\/li>\n<\/ul>\n<p>Preparata dal motto delle Coccinelle \u201cEccomi!\u201d (Lc 1,38) e realizzata da quello delle Scolte \u201cServire\u201d (Mt 20,28), la frase evangelica \u201cEstote Parati\u201d esorta a essere pronti e vigili alla chiamata di Dio e propone alla Guida un ideale di vita che la sprona a crescere e a migliorarsi; \u00c8 un ideale che investe tutta la vita; che occorre proporre sempre in tutte le sue dimensioni (tecnica, morale, spirituale) e che si realizza a poco a poco in un modo di vivere;<\/p>\n<p>La <strong>LEGGE<\/strong> \u00e8 una regola di vita, liberamente accettata dalla ragazza nel momento in cui decide di farla propria pronunciando la Promessa.<\/p>\n<p>Come le regole di un gioco sono un aiuto perch\u00e9 il gioco riesca e quindi necessarie da seguire, cos\u00ec la legge morale \u00e8 un grande aiuto per realizzare s\u00e9 stessi secondo il disegno di Dio, che ce l\u2019ha data ben sapendo ci\u00f2 che \u00e8 bene per noi.<\/p>\n<p>La Legge scout traduce questa legge morale in 10 articoli che:<\/p>\n<ul>\n<li>fanno leva sul senso dell\u2019onore;<\/li>\n<li>puntano sul lato positivo del comportamento;<\/li>\n<li>rappresentano mete precise su cui impegnarsi e confrontarsi ogni giorno;<\/li>\n<li>sono uguali per tutte, e quindi aiutano la Guida a non sentirsi isolata nel suo sforzo.<\/li>\n<\/ul>\n<p style=\"text-align: left;\"><strong>La Guida considera suo onore il meritare fiducia<\/strong><\/p>\n<p style=\"text-align: left;\"><strong>La Guida \u00e8 leale (verso il suo paese, i suoi genitori, i suoi capi e i suoi subordinati)<\/strong><\/p>\n<p style=\"text-align: left;\"><strong>La Guida \u00e8 sempre pronta a servire il prossimo<\/strong><\/p>\n<p style=\"text-align: left;\"><strong>La Guida \u00e8 amica di tutti e sorella di ogni altra Guida (a qualunque paese, classe sociale o religione essa appartenga)<\/strong><\/p>\n<p style=\"text-align: left;\"><strong>La Guida \u00e8 cortese e generosa<\/strong><\/p>\n<p style=\"text-align: left;\"><strong>La Guida vede nella natura l\u2019opera di Dio: ama le piante e gli Animali<\/strong><\/p>\n<p style=\"text-align: left;\"><strong>La Guida ubbidisce prontamente<\/strong><\/p>\n<p style=\"text-align: left;\"><strong>La Guida sorride e canta anche nelle difficolt\u00e0<\/strong><\/p>\n<p style=\"text-align: left;\"><strong>La Guida \u00e8 laboriosa ed economa<\/strong><\/p>\n<p style=\"text-align: left;\"><strong>La Guida \u00e8 pura di pensieri, parole e azioni<\/strong><\/p>\n<p style=\"text-align: left;\">La <strong>PROMESSA<\/strong> esprime l\u2019ideale del servizio di Dio e del prossimo, in cui trova motivo e completamento l\u2019esigenza verso s\u00e9 stessi.<\/p>\n<p><strong>Con l\u2019aiuto di Dio, prometto sul mio Onore di fare del mio meglio:<\/strong><\/p>\n<ul>\n<li><strong>per servire Dio, la Chiesa, la Patria e l\u2019Europa;<\/strong><\/li>\n<li><strong>per aiutare il prossimo in ogni circostanza;<\/strong><\/li>\n<li><strong>per osservare la Legge delle Guide.<\/strong><\/li>\n<\/ul>\n<p>E\u2019 una Promessa seria, con cui la Guida si pone una meta difficile da raggiungere, ma essa sa che potr\u00e0 camminare nella buona direzione solo confidando nell\u2019aiuto di Dio. Essa vi mette tutte le sue energie; \u201cfare del mio meglio\u201d implica questo sforzo costante di tendere al bene.<\/p>\n<p>La Federazione dello Scautismo Europeo ha espresso tre <strong>PRINCIPI<\/strong>, che chiariscono la linea educativa scelta dalla Federazione.<\/p>\n<ul>\n<li><strong>Il dovere della Guida comincia in famiglia.<\/strong><\/li>\n<li><strong>Fedele alla sua Patria, la Guida \u00e8 per l\u2019Europa fraternamente unita.<\/strong><\/li>\n<li><strong>La Guida, cosciente della sua eredit\u00e0 cristiana, \u00e8 fiera della sua fede, essa lavora per realizzare il Regno di Cristo in tutta la sua vita e nell\u2019ambiente che la circonda<\/strong><\/li>\n<\/ul>\n<p>I Principi aiutano la ragazza a comprendere che il suo cammino ha una prospettiva pi\u00f9 ampia.<\/p>\n<p>Con la Promessa, la Guida si impegna a compiere ogni giorno una <strong>BUONA AZIONE<\/strong> verso qualcuno.<\/p>\n<p>\u00c8 un gesto \u2013 piccolo o grande che sia \u2013 di interessamento agli altri, che traduce in pratica l\u2019amore cristiano, nella scelta di ci\u00f2 che \u00e8 bene, indipendentemente dalla riconoscenza degli altri e dalla soddisfazione che ne deriva. La B.A. deve portare a poco a poco la Guida a comprendere l\u2019importanza del servizio verso gli altri come stile di vita.<\/p>\n<p>Il Guidismo \u00e8 permeato di una <strong>SPIRITUALITA\u2019<\/strong> forte e concreta. Le attivit\u00e0 sono occasioni per comprendere che la spiritualit\u00e0 si pu\u00f2 e si deve vivere concretamente, vale a dire nell\u2019attivit\u00e0 di Riparto, nella vita all\u2019aria aperta, nell\u2019esperienza di una sana vita scout.<\/p>\n<p><strong>LA PREGHIERA DELLE GUIDE<\/strong><\/p>\n<p><strong>Signore, insegnami a essere generosa,<\/strong><\/p>\n<p><strong>a servirti come lo meriti,<\/strong><\/p>\n<p><strong>a dare senza contare,<\/strong><\/p>\n<p><strong>a combattere senza pensiero delle ferite,<\/strong><\/p>\n<p><strong>a lavorare senza cercare riposo,<\/strong><\/p>\n<p><strong>a prodigarmi senza aspettare altra ricompensa<\/strong><\/p>\n<p><strong>che la coscienza di fare la tua santa volont\u00e0.<\/strong><\/p>\n<p><strong>SAN GIORGIO<\/strong> \u00e8 il patrono di tutti gli Scouts e viene festeggiato il 23 aprile. Nello stesso giorno, gli Esploratori e le Guide rinnovano solennemente la Promessa scout, secondo l\u2019invito di Baden-Powell, che suggerisce di \u201crammentarla\u201d. Richiamando la figura del Santo cavaliere,<\/p>\n<p>invita ripetutamente gli Scouts a rifarsi alle virt\u00f9 eroiche di tale modello: l\u2019onore, la generosit\u00e0, il coraggio, la purezza di vita e di ideali.<\/p>\n<p>San Giorgio simboleggia i quattro punti a cui miriamo:<\/p>\n<ul>\n<li><strong>CARATTERE, con gli attributi del coraggio, dell\u2019abnegazione e\u00a0<\/strong><strong>della decisione;<\/strong><\/li>\n<li><strong>SALUTE e FORZA FISICA e impegno;<\/strong><\/li>\n<li><strong>ABILIT\u00c0 MANUALE nell\u2019uso delle proprie risorse;<\/strong><\/li>\n<li><strong>SERVIZIO AL PROSSIMO.<\/strong><\/li>\n<\/ul>\n[\/et_pb_text][\/et_pb_column][\/et_pb_row][\/et_pb_section]\n","protected":false},"excerpt":{"rendered":"<p><div class=\"et_pb_row et_pb_row_0 et_pb_row_empty\">\n\t\t\t\t\n\t\t\t\t\n\t\t\t\t\n\t\t\t\t\n\t\t\t\t\n\t\t\t<\/div> LE GUIDE &#8211; CHI SIAMO Liberamente estratto dalle NORME DIRETTIVE DI BRANCA GUIDE. Il Guidismo \u00e8 il Metodo educativo scout nella sua attuazione al femminile. Si ispira, quindi, ai principi fondamentali dello Scautismo ideato dal fondatore Lord Robert Baden-Powell. il Guidismo si propone come mezzo per accompagnare la bambina, lungo il suo percorso di [&hellip;]<\/p>\n","protected":false},"author":2,"featured_media":0,"parent":0,"menu_order":0,"comment_status":"closed","ping_status":"closed","template":"","meta":{"_et_pb_use_builder":"on","_et_pb_old_content":"","_et_gb_content_width":"","footnotes":""},"class_list":["post-1526","page","type-page","status-publish","hentry"],"_links":{"self":[{"href":"https:\/\/scout.fse.it\/guide\/wp-json\/wp\/v2\/pages\/1526","targetHints":{"allow":["GET"]}}],"collection":[{"href":"https:\/\/scout.fse.it\/guide\/wp-json\/wp\/v2\/pages"}],"about":[{"href":"https:\/\/scout.fse.it\/guide\/wp-json\/wp\/v2\/types\/page"}],"author":[{"embeddable":true,"href":"https:\/\/scout.fse.it\/guide\/wp-json\/wp\/v2\/users\/2"}],"replies":[{"embeddable":true,"href":"https:\/\/scout.fse.it\/guide\/wp-json\/wp\/v2\/comments?post=1526"}],"version-history":[{"count":4,"href":"https:\/\/scout.fse.it\/guide\/wp-json\/wp\/v2\/pages\/1526\/revisions"}],"predecessor-version":[{"id":7813,"href":"https:\/\/scout.fse.it\/guide\/wp-json\/wp\/v2\/pages\/1526\/revisions\/7813"}],"wp:attachment":[{"href":"https:\/\/scout.fse.it\/guide\/wp-json\/wp\/v2\/media?parent=1526"}],"curies":[{"name":"wp","href":"https:\/\/api.w.org\/{rel}","templated":true}]}}