{"id":1780,"date":"2016-05-08T19:40:18","date_gmt":"2016-05-08T19:40:18","guid":{"rendered":"http:\/\/scout.fse.it\/guide\/?page_id=1780"},"modified":"2019-05-05T00:31:15","modified_gmt":"2019-05-04T22:31:15","slug":"distintivi-delle-specialita","status":"publish","type":"page","link":"https:\/\/scout.fse.it\/guide\/distintivi-delle-specialita\/","title":{"rendered":"Specialit\u00e0"},"content":{"rendered":"[et_pb_section bb_built=&#8221;1&#8243; fullwidth=&#8221;on&#8221; specialty=&#8221;off&#8221; inner_width=&#8221;auto&#8221; inner_max_width=&#8221;none&#8221; next_background_color=&#8221;#000000&#8243;][et_pb_fullwidth_header title=&#8221;Specialit\u00e0 &#8221; background_layout=&#8221;light&#8221; content_max_width=&#8221;none&#8221; background_color=&#8221;rgba(255, 255, 255, 0)&#8221; _builder_version=&#8221;3.22.6&#8243; button_one_text_size__hover_enabled=&#8221;off&#8221; button_one_text_size__hover=&#8221;null&#8221; button_two_text_size__hover_enabled=&#8221;off&#8221; button_two_text_size__hover=&#8221;null&#8221; button_one_text_color__hover_enabled=&#8221;off&#8221; button_one_text_color__hover=&#8221;null&#8221; button_two_text_color__hover_enabled=&#8221;off&#8221; button_two_text_color__hover=&#8221;null&#8221; button_one_border_width__hover_enabled=&#8221;off&#8221; button_one_border_width__hover=&#8221;null&#8221; button_two_border_width__hover_enabled=&#8221;off&#8221; button_two_border_width__hover=&#8221;null&#8221; button_one_border_color__hover_enabled=&#8221;off&#8221; button_one_border_color__hover=&#8221;null&#8221; button_two_border_color__hover_enabled=&#8221;off&#8221; button_two_border_color__hover=&#8221;null&#8221; button_one_border_radius__hover_enabled=&#8221;off&#8221; button_one_border_radius__hover=&#8221;null&#8221; button_two_border_radius__hover_enabled=&#8221;off&#8221; button_two_border_radius__hover=&#8221;null&#8221; button_one_letter_spacing__hover_enabled=&#8221;on&#8221; button_one_letter_spacing__hover=&#8221;0&#8243; button_two_letter_spacing__hover_enabled=&#8221;on&#8221; button_two_letter_spacing__hover=&#8221;0&#8243; button_one_bg_color__hover_enabled=&#8221;off&#8221; button_one_bg_color__hover=&#8221;null&#8221; button_two_bg_color__hover_enabled=&#8221;off&#8221; button_two_bg_color__hover=&#8221;null&#8221; background_image=&#8221;https:\/\/scout.fse.it\/guide\/wp-content\/uploads\/2019\/05\/2-1.jpg&#8221; text_shadow_horizontal_length=&#8221;text_shadow_style,%91object Object%93&#8243; text_shadow_vertical_length=&#8221;text_shadow_style,%91object Object%93&#8243; text_shadow_blur_strength=&#8221;text_shadow_style,%91object Object%93&#8243; title_text_shadow_horizontal_length=&#8221;title_text_shadow_style,%91object Object%93&#8243; title_text_shadow_vertical_length=&#8221;title_text_shadow_style,%91object Object%93&#8243; title_text_shadow_blur_strength=&#8221;title_text_shadow_style,%91object Object%93&#8243; content_text_shadow_horizontal_length=&#8221;content_text_shadow_style,%91object Object%93&#8243; content_text_shadow_vertical_length=&#8221;content_text_shadow_style,%91object Object%93&#8243; content_text_shadow_blur_strength=&#8221;content_text_shadow_style,%91object Object%93&#8243; subhead_text_shadow_horizontal_length=&#8221;subhead_text_shadow_style,%91object Object%93&#8243; subhead_text_shadow_vertical_length=&#8221;subhead_text_shadow_style,%91object Object%93&#8243; subhead_text_shadow_blur_strength=&#8221;subhead_text_shadow_style,%91object Object%93&#8243; button_two_text_shadow_horizontal_length=&#8221;button_two_text_shadow_style,%91object Object%93&#8243; button_two_text_shadow_vertical_length=&#8221;button_two_text_shadow_style,%91object Object%93&#8243; button_two_text_shadow_blur_strength=&#8221;button_two_text_shadow_style,%91object Object%93&#8243; button_one_text_shadow_horizontal_length=&#8221;button_one_text_shadow_style,%91object Object%93&#8243; button_one_text_shadow_vertical_length=&#8221;button_one_text_shadow_style,%91object Object%93&#8243; button_one_text_shadow_blur_strength=&#8221;button_one_text_shadow_style,%91object Object%93&#8243; max_width_tablet=&#8221;50px&#8221; z_index_tablet=&#8221;500&#8243; \/][\/et_pb_section][et_pb_section bb_built=&#8221;1&#8243; fullwidth=&#8221;off&#8221; specialty=&#8221;off&#8221; inner_width=&#8221;auto&#8221; inner_max_width=&#8221;none&#8221; prev_background_color=&#8221;#000000&#8243; next_background_color=&#8221;#000000&#8243;][et_pb_row][et_pb_column type=&#8221;4_4&#8243;][et_pb_text background_layout=&#8221;light&#8221; text_orientation=&#8221;left&#8221; use_border_color=&#8221;off&#8221; border_color=&#8221;#ffffff&#8221; border_style=&#8221;solid&#8221; background_position=&#8221;top_left&#8221; background_repeat=&#8221;repeat&#8221; background_size=&#8221;initial&#8221;]\n<p>Ti ricordiamo che puoi acquistare <strong><em>il Libro delle Specialit\u00e0<\/em> <\/strong>consultando il sito<a href=\"http:\/\/www.scoutingfse.it\/\" target=\"_blank\" rel=\"noopener noreferrer\"> http:\/\/www.scoutingfse.it\/<\/a><\/p>\n<p>oppure<\/p>\n<p>richiedendolo al Botteghino del tuo Gruppo che provveder\u00e0 a ritirarlo.<br \/>\nInoltre, sono disponibili, per te Capo Riparto, nell&#8217;<em>Area Riservata &#8211; Comunicazioni<\/em>\u00a0il modulo per la <em>Richiesta della Specialit\u00e0 Maggiore.<\/em><\/p>\n[\/et_pb_text][et_pb_image src=&#8221;https:\/\/scout.fse.it\/guide\/wp-content\/uploads\/2016\/01\/SPECIALITA-\u2022-copertina.jpg&#8221; use_border_color=&#8221;off&#8221; max_width=&#8221;200px&#8221; alt=&#8221;copertina specialit\u00e0&#8221; title_text=&#8221;copertina specialit\u00e0&#8221; animation_style=&#8221;slide&#8221; animation_duration=&#8221;500ms&#8221; animation_intensity_slide=&#8221;10%&#8221; animation_direction=&#8221;left&#8221; _builder_version=&#8221;3.22.6&#8243; z_index_tablet=&#8221;500&#8243; \/][\/et_pb_column][\/et_pb_row][\/et_pb_section][et_pb_section bb_built=&#8221;1&#8243; fullwidth=&#8221;off&#8221; specialty=&#8221;off&#8221; inner_width=&#8221;auto&#8221; inner_max_width=&#8221;none&#8221; prev_background_color=&#8221;#000000&#8243;][et_pb_row][et_pb_column type=&#8221;1_4&#8243;][et_pb_image src=&#8221;https:\/\/scout.fse.it\/guide\/wp-content\/uploads\/2019\/05\/specialit\u00e0-interesse1.jpg&#8221; align=&#8221;center&#8221; use_border_color=&#8221;off&#8221; alt=&#8221;specialit\u00e0 interesse 1&#8243; title_text=&#8221;specialit\u00e0 d&#8217;interesse 1&#8243; url=&#8221;http:\/\/scout.fse.it\/guide\/wp-content\/uploads\/sites\/14\/2016\/05\/specialit\u00e0-interesse1.jpg&#8221; animation_style=&#8221;slide&#8221; animation_duration=&#8221;500ms&#8221; animation_intensity_slide=&#8221;10%&#8221; animation_direction=&#8221;left&#8221; _builder_version=&#8221;3.22.6&#8243; z_index_tablet=&#8221;500&#8243; \/][\/et_pb_column][et_pb_column type=&#8221;1_4&#8243;][et_pb_image src=&#8221;https:\/\/scout.fse.it\/guide\/wp-content\/uploads\/2019\/05\/specialit\u00e0-interesse2.jpg&#8221; align=&#8221;center&#8221; use_border_color=&#8221;off&#8221; alt=&#8221;specialit\u00e0 interesse 2&#8243; title_text=&#8221;Specialit\u00e0 di interesse 2&#8243; url=&#8221;http:\/\/scout.fse.it\/guide\/wp-content\/uploads\/sites\/14\/2016\/05\/specialit\u00e0-interesse2.jpg&#8221; animation_style=&#8221;slide&#8221; animation_duration=&#8221;500ms&#8221; animation_intensity_slide=&#8221;10%&#8221; animation_direction=&#8221;left&#8221; _builder_version=&#8221;3.22.6&#8243; z_index_tablet=&#8221;500&#8243; \/][\/et_pb_column][et_pb_column type=&#8221;1_4&#8243;][et_pb_image src=&#8221;https:\/\/scout.fse.it\/guide\/wp-content\/uploads\/2019\/05\/specialit\u00e0-interesse3.jpg&#8221; align=&#8221;center&#8221; use_border_color=&#8221;off&#8221; alt=&#8221;Specialit\u00e0 di interesse 3&#8243; title_text=&#8221;Specialit\u00e0 di interesse 3&#8243; url=&#8221;http:\/\/scout.fse.it\/guide\/wp-content\/uploads\/sites\/14\/2016\/05\/specialit\u00e0-interesse3.jpg&#8221; animation_style=&#8221;slide&#8221; animation_duration=&#8221;500ms&#8221; animation_intensity_slide=&#8221;10%&#8221; animation_direction=&#8221;left&#8221; _builder_version=&#8221;3.22.6&#8243; z_index_tablet=&#8221;500&#8243; \/][\/et_pb_column][et_pb_column type=&#8221;1_4&#8243;][et_pb_image src=&#8221;https:\/\/scout.fse.it\/guide\/wp-content\/uploads\/2019\/05\/specialit\u00e0-maggiori.jpg&#8221; align=&#8221;center&#8221; use_border_color=&#8221;off&#8221; alt=&#8221;Specialit\u00e0 maggiori&#8221; title_text=&#8221;Specialit\u00e0 maggiori&#8221; url=&#8221;http:\/\/scout.fse.it\/guide\/wp-content\/uploads\/sites\/14\/2016\/05\/specialit\u00e0-maggiori.jpg&#8221; animation_style=&#8221;slide&#8221; animation_duration=&#8221;500ms&#8221; animation_intensity_slide=&#8221;10%&#8221; animation_direction=&#8221;left&#8221; _builder_version=&#8221;3.22.6&#8243; z_index_tablet=&#8221;500&#8243; \/][\/et_pb_column][\/et_pb_row][\/et_pb_section]\n","protected":false},"excerpt":{"rendered":"<p><div class=\"et_pb_row et_pb_row_0 et_pb_row_empty\">\n\t\t\t\t\n\t\t\t\t\n\t\t\t\t\n\t\t\t\t\n\t\t\t\t\n\t\t\t<\/div> Ti ricordiamo che puoi acquistare il Libro delle Specialit\u00e0 consultando il sito http:\/\/www.scoutingfse.it\/ oppure richiedendolo al Botteghino del tuo Gruppo che provveder\u00e0 a ritirarlo. Inoltre, sono disponibili, per te Capo Riparto, nell&#8217;Area Riservata &#8211; Comunicazioni\u00a0il modulo per la Richiesta della Specialit\u00e0 Maggiore. <div class=\"et_pb_row et_pb_row_1 et_pb_row_empty\">\n\t\t\t\t\n\t\t\t\t\n\t\t\t\t\n\t\t\t\t\n\t\t\t\t\n\t\t\t<\/div><\/p>\n","protected":false},"author":2,"featured_media":0,"parent":0,"menu_order":0,"comment_status":"closed","ping_status":"closed","template":"","meta":{"_et_pb_use_builder":"on","_et_pb_old_content":"","_et_gb_content_width":"","footnotes":""},"class_list":["post-1780","page","type-page","status-publish","hentry"],"_links":{"self":[{"href":"https:\/\/scout.fse.it\/guide\/wp-json\/wp\/v2\/pages\/1780","targetHints":{"allow":["GET"]}}],"collection":[{"href":"https:\/\/scout.fse.it\/guide\/wp-json\/wp\/v2\/pages"}],"about":[{"href":"https:\/\/scout.fse.it\/guide\/wp-json\/wp\/v2\/types\/page"}],"author":[{"embeddable":true,"href":"https:\/\/scout.fse.it\/guide\/wp-json\/wp\/v2\/users\/2"}],"replies":[{"embeddable":true,"href":"https:\/\/scout.fse.it\/guide\/wp-json\/wp\/v2\/comments?post=1780"}],"version-history":[{"count":5,"href":"https:\/\/scout.fse.it\/guide\/wp-json\/wp\/v2\/pages\/1780\/revisions"}],"predecessor-version":[{"id":5304,"href":"https:\/\/scout.fse.it\/guide\/wp-json\/wp\/v2\/pages\/1780\/revisions\/5304"}],"wp:attachment":[{"href":"https:\/\/scout.fse.it\/guide\/wp-json\/wp\/v2\/media?parent=1780"}],"curies":[{"name":"wp","href":"https:\/\/api.w.org\/{rel}","templated":true}]}}