{"id":5136,"date":"2019-03-31T21:38:03","date_gmt":"2019-03-31T19:38:03","guid":{"rendered":"http:\/\/scout.fse.it\/guide\/?page_id=5136"},"modified":"2021-04-10T10:51:37","modified_gmt":"2021-04-10T08:51:37","slug":"squadriglia-europa","status":"publish","type":"page","link":"https:\/\/scout.fse.it\/guide\/squadriglia-europa\/","title":{"rendered":"Regolamento 2021"},"content":{"rendered":"[et_pb_section fb_built=&#8221;1&#8243; fullwidth=&#8221;on&#8221; _builder_version=&#8221;3.22&#8243;][et_pb_fullwidth_header title=&#8221;Squadriglia europa&#8221; _builder_version=&#8221;3.22.6&#8243; background_image=&#8221;https:\/\/portalistorage.blob.core.windows.net\/portale-guide\/2019\/05\/2-2.jpg&#8221; z_index_tablet=&#8221;500&#8243; background_url=&#8221;https:\/\/portalistorage.blob.core.windows.net\/portale-guide\/2019\/05\/2-3.jpg&#8221; button_one_letter_spacing_hover=&#8221;0&#8243; button_two_letter_spacing_hover=&#8221;0&#8243;]\n[\/et_pb_fullwidth_header][\/et_pb_section][et_pb_section fb_built=&#8221;1&#8243; _builder_version=&#8221;3.22&#8243;][et_pb_row _builder_version=&#8221;3.25&#8243; background_size=&#8221;initial&#8221; background_position=&#8221;top_left&#8221; background_repeat=&#8221;repeat&#8221;][et_pb_column type=&#8221;4_4&#8243; _builder_version=&#8221;3.25&#8243; custom_padding=&#8221;|||&#8221; custom_padding__hover=&#8221;|||&#8221;][et_pb_text _builder_version=&#8221;4.8.2&#8243; vertical_offset_tablet=&#8221;0&#8243; horizontal_offset_tablet=&#8221;0&#8243; hover_enabled=&#8221;0&#8243; z_index_tablet=&#8221;500&#8243; text_text_shadow_horizontal_length_tablet=&#8221;0px&#8221; text_text_shadow_vertical_length_tablet=&#8221;0px&#8221; text_text_shadow_blur_strength_tablet=&#8221;1px&#8221; link_text_shadow_horizontal_length_tablet=&#8221;0px&#8221; link_text_shadow_vertical_length_tablet=&#8221;0px&#8221; link_text_shadow_blur_strength_tablet=&#8221;1px&#8221; ul_text_shadow_horizontal_length_tablet=&#8221;0px&#8221; ul_text_shadow_vertical_length_tablet=&#8221;0px&#8221; ul_text_shadow_blur_strength_tablet=&#8221;1px&#8221; ol_text_shadow_horizontal_length_tablet=&#8221;0px&#8221; ol_text_shadow_vertical_length_tablet=&#8221;0px&#8221; ol_text_shadow_blur_strength_tablet=&#8221;1px&#8221; quote_text_shadow_horizontal_length_tablet=&#8221;0px&#8221; quote_text_shadow_vertical_length_tablet=&#8221;0px&#8221; quote_text_shadow_blur_strength_tablet=&#8221;1px&#8221; header_text_shadow_horizontal_length_tablet=&#8221;0px&#8221; header_text_shadow_vertical_length_tablet=&#8221;0px&#8221; header_text_shadow_blur_strength_tablet=&#8221;1px&#8221; header_2_text_shadow_horizontal_length_tablet=&#8221;0px&#8221; header_2_text_shadow_vertical_length_tablet=&#8221;0px&#8221; header_2_text_shadow_blur_strength_tablet=&#8221;1px&#8221; header_3_text_shadow_horizontal_length_tablet=&#8221;0px&#8221; header_3_text_shadow_vertical_length_tablet=&#8221;0px&#8221; header_3_text_shadow_blur_strength_tablet=&#8221;1px&#8221; header_4_text_shadow_horizontal_length_tablet=&#8221;0px&#8221; header_4_text_shadow_vertical_length_tablet=&#8221;0px&#8221; header_4_text_shadow_blur_strength_tablet=&#8221;1px&#8221; header_5_text_shadow_horizontal_length_tablet=&#8221;0px&#8221; header_5_text_shadow_vertical_length_tablet=&#8221;0px&#8221; header_5_text_shadow_blur_strength_tablet=&#8221;1px&#8221; header_6_text_shadow_horizontal_length_tablet=&#8221;0px&#8221; header_6_text_shadow_vertical_length_tablet=&#8221;0px&#8221; header_6_text_shadow_blur_strength_tablet=&#8221;1px&#8221; box_shadow_horizontal_tablet=&#8221;0px&#8221; box_shadow_vertical_tablet=&#8221;0px&#8221; box_shadow_blur_tablet=&#8221;40px&#8221; box_shadow_spread_tablet=&#8221;0px&#8221; use_border_color=&#8221;off&#8221; border_color=&#8221;#ffffff&#8221; border_style=&#8221;solid&#8221; sticky_enabled=&#8221;0&#8243;]\n<p style=\"text-align: justify;\">Cara Squadriglia benvenuta!!<br \/> Non sappiamo se hai gi\u00e0 partecipato a questa sfida negli anni passati o se \u00e8 per te una novit\u00e0 ma\u2026 attenzione\u2026 <em>una grande sfida ci attende in questo 2021!! \u00e8 un\u2019avventura che ci porter\u00e0, virtualmente e non, a spasso per l\u2019Europa!<br \/> <\/em><em>Anche se hai gi\u00e0 partecipato in passato, leggi bene il regolamento che trovi qui di seguito perch\u00e8 ci sono alcune novit\u00e0 e soprattutto&#8230; gioca! Questa Avventura, rinnovata rispetto al passato, si sviluppa in pi\u00f9 fasi, alla fine delle quali una sola Squadriglia in Italia sar\u00e0 la vincitrice: verr\u00e0 nominata ufficialmente \u201cSquadriglia Europa\u201d, ricever\u00e0 un segno distintivo per essere riconosciuta come tale, ed avr\u00e0 l\u2019onore di inviare tutta l\u2019Alta Squadriglia del proprio Riparto come rappresentante italiana all&#8217;Incontro Internazionale delle Alte Squadriglie. <\/em><em>E se la pandemia rende e render\u00e0 difficoltosi gli incontri, noi non ci fermiamo e non ci fermeremo, ci sar\u00e0 comunque un\u2019avventura speciale da vivere insieme!! Sono ottimi motivi per partecipare!! Quindi iniziamo!!!<\/em><\/p>\n<p style=\"text-align: justify;\"><em><span style=\"color: #ff0000;\"><strong>FASE 1<br \/> <\/strong><\/span><\/em>Viene proposta una caccia al tesoro virtuale, alla quale tutte le Squadriglie italiane possono partecipare. Passeranno alla fase successiva le 3 migliori Squadriglie per Regione (ovvero 12 Squadriglie in tutta Italia), ovvero quelle che avranno recuperato il maggior numero di oggetti virtuali nella caccia al tesoro; in caso di parit\u00e0, passeranno alla fase successiva le Squadriglie che avranno inviato prima delle altre gli oggetti ritrovati attraverso il modulo online che riceverete. La 1\u00b0 fase si articoler\u00e0 nelle seguenti azioni:<\/p>\n<ul style=\"text-align: justify;\">\n<li><strong>luned\u00ec 4 Gennaio 2021 <\/strong>la tua Capo Riparto ricever\u00e0 e ti far\u00e0 avere la cartolina digitale di invito per partecipare a questa Avventura. Sollecitala!!! Chiamala!! Non farti scappare questa avventura!!<\/li>\n<li><strong>da sabato 16 Gennaio 2021 a sabato 6 Febbraio 2021<\/strong> la caccia al tesoro sar\u00e0 attiva!! potrete accedervi cliccando <em><strong>qui<\/strong><\/em>. Entrando nella caccia al tesoro troverete le istruzioni su come procedere e come conquistare gli oggetti nascosti nelle diverse Capitali europee. <em>ATTENZIONE: dopo la mezzanotte di sabato 7 Febbraio 2021 non sar\u00e0 pi\u00f9 possibile accedere!<\/em><\/li>\n<\/ul>\n<p style=\"text-align: justify;\">Potrete cimentarvi nella caccia al tesoro di Squadriglia sia giocando online (tutte connesse e condividendo lo schermo), sia in presenza, a seconda delle normative vigenti di prevenzione Covid della vostra Provincia\/Regione. Raccomandiamo &#8211; nel caso di gioco in presenza &#8211; di mantenere la distanza tra voi e indossare la mascherina. Vi saranno sempre necessari almeno uno smartphone o un computer e una connessione Internet.<br \/> Contestualmente agli oggetti ritrovati di cui dovrete fornirci un elenco &#8211; negli appositi spazi che troverete nel form online &#8211; dovrete fornire alcune informazioni che vi renderanno rintracciabili in caso di vittoria:<\/p>\n<ul style=\"text-align: justify;\">\n<li>Nome Regione (Nord, Est, Ovest, Sud);<\/li>\n<li>Nome Distretto e nome dell\u2019Incaricata di Distretto;<\/li>\n<li>Nome del Gruppo e del Riparto di appartenenza;<\/li>\n<li>Nome della Capo Riparto e indirizzo mail;<\/li>\n<li>Nome della Capo Sq e indirizzo mail.<\/li>\n<\/ul>\n<p style=\"text-align: justify;\">Di volta in volta, chi accede alle fasi successive,\u00a0 trover\u00e0 altre sfide che permetteranno di arrivare alla nomina della \u201cSquadriglia Europa\u201d! Chiss\u00e0 quali talenti dovrete mettere in campo! Preparatevi! L\u2019Europa \u00e8 la nostra casa!!!<\/p>\n<p><span style=\"color: #000000;\">Alcune anticipazioni:<\/span><br \/> <span style=\"color: #000000;\"><span style=\"color: #ff0000;\"><em><strong>FASE 2<\/strong><br \/> <\/em><\/span><\/span>Si svolger\u00e0 da sabato <strong>20 Febbraio 2021\u00a0 a sabato 10 Aprile 2021<\/strong> e vedr\u00e0 il confronto fra le 12 squadriglie che hanno passato la prima fase: le Squadriglie saranno contattate e riceveranno tutte le informazioni per partecipare e superare anche la fase 2 dalla quale usciranno vincitrici 4 squadriglie, una per ogni Regione.<\/p>\n<p><span style=\"color: #000000;\"><em><strong><span style=\"color: #ff0000;\">FASE 3<br \/> <\/span><\/strong><\/em><\/span>Infine la 3\u00b0 fase si svolger\u00e0 durante tutta l\u2019estate accompagnando le 4 Squadriglie nelle attivit\u00e0 estive! Verr\u00e0 lanciata<strong> sabato 8 Maggio 2021<\/strong> e terminer\u00e0 <strong>sabato 28 Agosto 2021<\/strong>\u2026 e poco dopo\u2026 conosceremo la Sq Europa 2021!!!<\/p>\n<p>Ti aspettiamo!!!<br \/> Buona caccia<br \/> Pattuglia Europa<br \/> della Pattuglia Nazionale Guide<\/p>\n<p><span style=\"color: #000000;\">\u00a0<\/span><\/p>\n[\/et_pb_text][\/et_pb_column][\/et_pb_row][\/et_pb_section]\n","protected":false},"excerpt":{"rendered":"<p>Cara Squadriglia benvenuta!! Non sappiamo se hai gi\u00e0 partecipato a questa sfida negli anni passati o se \u00e8 per te una novit\u00e0 ma\u2026 attenzione\u2026 una grande sfida ci attende in questo 2021!! \u00e8 un\u2019avventura che ci porter\u00e0, virtualmente e non, a spasso per l\u2019Europa! Anche se hai gi\u00e0 partecipato in passato, leggi bene il regolamento [&hellip;]<\/p>\n","protected":false},"author":2,"featured_media":0,"parent":0,"menu_order":0,"comment_status":"closed","ping_status":"closed","template":"","meta":{"_et_pb_use_builder":"on","_et_pb_old_content":"","_et_gb_content_width":"","footnotes":""},"class_list":["post-5136","page","type-page","status-publish","hentry"],"_links":{"self":[{"href":"https:\/\/scout.fse.it\/guide\/wp-json\/wp\/v2\/pages\/5136","targetHints":{"allow":["GET"]}}],"collection":[{"href":"https:\/\/scout.fse.it\/guide\/wp-json\/wp\/v2\/pages"}],"about":[{"href":"https:\/\/scout.fse.it\/guide\/wp-json\/wp\/v2\/types\/page"}],"author":[{"embeddable":true,"href":"https:\/\/scout.fse.it\/guide\/wp-json\/wp\/v2\/users\/2"}],"replies":[{"embeddable":true,"href":"https:\/\/scout.fse.it\/guide\/wp-json\/wp\/v2\/comments?post=5136"}],"version-history":[{"count":15,"href":"https:\/\/scout.fse.it\/guide\/wp-json\/wp\/v2\/pages\/5136\/revisions"}],"predecessor-version":[{"id":8086,"href":"https:\/\/scout.fse.it\/guide\/wp-json\/wp\/v2\/pages\/5136\/revisions\/8086"}],"wp:attachment":[{"href":"https:\/\/scout.fse.it\/guide\/wp-json\/wp\/v2\/media?parent=5136"}],"curies":[{"name":"wp","href":"https:\/\/api.w.org\/{rel}","templated":true}]}}