{"id":5843,"date":"2020-03-18T17:06:14","date_gmt":"2020-03-18T16:06:14","guid":{"rendered":"https:\/\/scout.fse.it\/guide\/?page_id=5843"},"modified":"2020-03-30T23:07:16","modified_gmt":"2020-03-30T21:07:16","slug":"quiz-europa-risposte-esatte","status":"publish","type":"page","link":"https:\/\/scout.fse.it\/guide\/quiz-europa-risposte-esatte\/","title":{"rendered":"Quiz Europa &#8211; Risposte Esatte!"},"content":{"rendered":"[et_pb_section bb_built=&#8221;1&#8243; inner_width=&#8221;auto&#8221; inner_max_width=&#8221;none&#8221;][et_pb_row][et_pb_column type=&#8221;4_4&#8243; custom_padding__hover=&#8221;|||&#8221; custom_padding=&#8221;|||&#8221;][et_pb_text _builder_version=&#8221;4.3.3&#8243; text_text_shadow_horizontal_length=&#8221;text_text_shadow_style,%91object Object%93&#8243; text_text_shadow_vertical_length=&#8221;text_text_shadow_style,%91object Object%93&#8243; text_text_shadow_blur_strength=&#8221;text_text_shadow_style,%91object Object%93&#8243; link_text_shadow_horizontal_length=&#8221;link_text_shadow_style,%91object Object%93&#8243; link_text_shadow_vertical_length=&#8221;link_text_shadow_style,%91object Object%93&#8243; link_text_shadow_blur_strength=&#8221;link_text_shadow_style,%91object Object%93&#8243; ul_text_shadow_horizontal_length=&#8221;ul_text_shadow_style,%91object Object%93&#8243; ul_text_shadow_vertical_length=&#8221;ul_text_shadow_style,%91object Object%93&#8243; ul_text_shadow_blur_strength=&#8221;ul_text_shadow_style,%91object Object%93&#8243; ol_text_shadow_horizontal_length=&#8221;ol_text_shadow_style,%91object Object%93&#8243; ol_text_shadow_vertical_length=&#8221;ol_text_shadow_style,%91object Object%93&#8243; ol_text_shadow_blur_strength=&#8221;ol_text_shadow_style,%91object Object%93&#8243; quote_text_shadow_horizontal_length=&#8221;quote_text_shadow_style,%91object Object%93&#8243; quote_text_shadow_vertical_length=&#8221;quote_text_shadow_style,%91object Object%93&#8243; quote_text_shadow_blur_strength=&#8221;quote_text_shadow_style,%91object Object%93&#8243; header_text_shadow_horizontal_length=&#8221;header_text_shadow_style,%91object Object%93&#8243; header_text_shadow_vertical_length=&#8221;header_text_shadow_style,%91object Object%93&#8243; header_text_shadow_blur_strength=&#8221;header_text_shadow_style,%91object Object%93&#8243; header_2_text_shadow_horizontal_length=&#8221;header_2_text_shadow_style,%91object Object%93&#8243; header_2_text_shadow_vertical_length=&#8221;header_2_text_shadow_style,%91object Object%93&#8243; header_2_text_shadow_blur_strength=&#8221;header_2_text_shadow_style,%91object Object%93&#8243; header_3_text_shadow_horizontal_length=&#8221;header_3_text_shadow_style,%91object Object%93&#8243; header_3_text_shadow_vertical_length=&#8221;header_3_text_shadow_style,%91object Object%93&#8243; header_3_text_shadow_blur_strength=&#8221;header_3_text_shadow_style,%91object Object%93&#8243; header_4_text_shadow_horizontal_length=&#8221;header_4_text_shadow_style,%91object Object%93&#8243; header_4_text_shadow_vertical_length=&#8221;header_4_text_shadow_style,%91object Object%93&#8243; header_4_text_shadow_blur_strength=&#8221;header_4_text_shadow_style,%91object Object%93&#8243; header_5_text_shadow_horizontal_length=&#8221;header_5_text_shadow_style,%91object Object%93&#8243; header_5_text_shadow_vertical_length=&#8221;header_5_text_shadow_style,%91object Object%93&#8243; header_5_text_shadow_blur_strength=&#8221;header_5_text_shadow_style,%91object Object%93&#8243; header_6_text_shadow_horizontal_length=&#8221;header_6_text_shadow_style,%91object Object%93&#8243; header_6_text_shadow_vertical_length=&#8221;header_6_text_shadow_style,%91object Object%93&#8243; header_6_text_shadow_blur_strength=&#8221;header_6_text_shadow_style,%91object Object%93&#8243; z_index_tablet=&#8221;500&#8243; box_shadow_horizontal_tablet=&#8221;0px&#8221; box_shadow_vertical_tablet=&#8221;0px&#8221; box_shadow_blur_tablet=&#8221;40px&#8221; box_shadow_spread_tablet=&#8221;0px&#8221; vertical_offset_tablet=&#8221;0&#8243; horizontal_offset_tablet=&#8221;0&#8243;]\n<div align=\"center\">\n<table style=\"height: 2353px;\" width=\"681\">\n<tbody>\n<tr>\n<td width=\"100%\">\n<p><strong><em>1.\u00a0\u00a0\u00a0\u00a0<\/em> <\/strong><strong>Quale \u00e8 il secondo Principio delle Guide d\u2019Europa?<\/strong><\/p>\n<\/td>\n<\/tr>\n<tr>\n<td width=\"100%\">\n<p style=\"text-align: center;\"><u>Fedele alla sua Patria, la Guida \u00e8 per l&#8217;Europa fraternamente unita<\/u><\/p>\n<\/td>\n<\/tr>\n<tr>\n<td width=\"100%\">\n<p><strong>2.\u00a0\u00a0\u00a0\u00a0 <\/strong><strong>Cosa significa l\u2019anello formato dal pollice, dall\u2019indice e dal palmo della mano nel Saluto Scout?<\/strong><\/p>\n<\/td>\n<\/tr>\n<tr>\n<td width=\"100%\">\n<p style=\"text-align: center;\"><u>Ricorda il cerchio della fraternit\u00e0 scout<\/u><\/p>\n<\/td>\n<\/tr>\n<tr>\n<td width=\"100%\">\n<p><strong>3.\u00a0\u00a0\u00a0\u00a0 <\/strong><strong>Cosa significano le bande orizzontali bianche e nere sulla bandiera FSE (Orifiamma)?<\/strong><\/p>\n<\/td>\n<\/tr>\n<tr>\n<td width=\"100%\">\n<p style=\"text-align: center;\"><u>Il nero rappresenta il legame con la terra, il bianco l\u2019aspirazione al Cielo<\/u><\/p>\n<\/td>\n<\/tr>\n<tr>\n<td width=\"100%\">\n<p><strong>4.\u00a0\u00a0\u00a0\u00a0 <\/strong><strong>Nella 20 chiacchierata di SpR, BP racconta la storia di San Giorgio: come si chiama la figlia del re di Selem?<\/strong><\/p>\n<\/td>\n<\/tr>\n<tr>\n<td width=\"100%\">\n<p style=\"text-align: center;\"><u>Cleolinda<\/u><\/p>\n<\/td>\n<\/tr>\n<tr>\n<td width=\"100%\">\n<p><strong>5.\u00a0\u00a0\u00a0\u00a0 <\/strong><strong>Il fazzolettone \u00e8 il segno peculiare di ciascun Gruppo Scout, dove prese l\u2019idea BP?<\/strong><\/p>\n<\/td>\n<\/tr>\n<tr>\n<td width=\"100%\">\n<p style=\"text-align: center;\"><u>Dai cowboy e dagli uomini di frontiera<\/u><\/p>\n<\/td>\n<\/tr>\n<tr>\n<td width=\"100%\">\n<p><strong>6.\u00a0\u00a0\u00a0\u00a0 <\/strong><strong>Quali sono stati gli Stati fondatori dell&#8217;Unione Europea?<\/strong><\/p>\n<\/td>\n<\/tr>\n<tr>\n<td width=\"100%\">\n<p style=\"text-align: center;\"><u>Belgio, Francia, Germania, Italia, Lussemburgo, Paesi Bassi<\/u><\/p>\n<\/td>\n<\/tr>\n<tr>\n<td width=\"100%\">\n<p><strong>7.\u00a0\u00a0\u00a0\u00a0 <\/strong><strong>Come si chiamava l&#8217;organizzazione creata nel 1957?<\/strong><\/p>\n<\/td>\n<\/tr>\n<tr>\n<td width=\"100%\">\n<p style=\"text-align: center;\"><u>Comunit\u00e0 Economica Europea<\/u><\/p>\n<\/td>\n<\/tr>\n<tr>\n<td width=\"100%\">\n<p><strong>8.\u00a0\u00a0\u00a0\u00a0 <\/strong><strong>Quali Stati separano i Pirenei?<\/strong><\/p>\n<\/td>\n<\/tr>\n<tr>\n<td width=\"100%\">\n<p style=\"text-align: center;\"><u>La Francia e la Penisola Iberica<\/u><\/p>\n<\/td>\n<\/tr>\n<tr>\n<td width=\"100%\">\n<p><strong>9.\u00a0\u00a0\u00a0\u00a0 <\/strong><strong>Llanfairpwllgwyngyllgogerychwyrndrobwllllantysiliogogogoch \u00e8 la citt\u00e0 europea con il nome pi\u00f9 lungo, composto da 57 lettere. Dove si trova?<\/strong><\/p>\n<\/td>\n<\/tr>\n<tr>\n<td width=\"100%\">\n<p style=\"text-align: center;\"><u>Galles<\/u><\/p>\n<\/td>\n<\/tr>\n<tr>\n<td width=\"100%\">\n<p><strong>10. <\/strong><strong>Quale origine ha il nome &#8220;Europa&#8221;?<\/strong><\/p>\n<\/td>\n<\/tr>\n<tr>\n<td width=\"100%\">\n<p style=\"text-align: center;\"><u>Era il nome di una principessa fenicia di cui Zeus si innamor\u00f2.<\/u><\/p>\n<\/td>\n<\/tr>\n<tr>\n<td width=\"100%\">\n<p><strong>11. <\/strong><strong>Quali paesi attraversa il Reno?<\/strong><\/p>\n<\/td>\n<\/tr>\n<tr>\n<td width=\"100%\">\n<p style=\"text-align: center;\"><u>Svizzera, Austria, Lichtenstein, Francia, Germania, Paesi Bassi<\/u><\/p>\n<\/td>\n<\/tr>\n<tr>\n<td width=\"100%\">\n<p><strong>12. <\/strong><strong>\u00a0Quando viene eletto per la prima volta a suffragio universale diretto il Parlamento europeo?<\/strong><\/p>\n<\/td>\n<\/tr>\n<tr>\n<td width=\"100%\">\n<p style=\"text-align: center;\"><u>1979<\/u><\/p>\n<\/td>\n<\/tr>\n<tr>\n<td width=\"100%\">\n<p><strong>13. <\/strong><strong>Quand&#8217;\u00e8 la festa dell&#8217;Europa?<\/strong><\/p>\n<\/td>\n<\/tr>\n<tr>\n<td width=\"100%\">\n<p style=\"text-align: center;\"><u>Il 9 maggio<\/u><\/p>\n<\/td>\n<\/tr>\n<tr>\n<td width=\"100%\">\n<p><strong>14. <\/strong><strong>Quanti paesi dell&#8217;UE usano l&#8217;euro?<\/strong><\/p>\n<\/td>\n<\/tr>\n<tr>\n<td width=\"100%\">\n<p style=\"text-align: center;\"><u>19<\/u><\/p>\n<\/td>\n<\/tr>\n<tr>\n<td width=\"100%\">\n<p><strong>15. <\/strong><strong>In quale stato europeo si \u00e8 svolto l&#8217;EuroJam del 2003?<\/strong><\/p>\n<\/td>\n<\/tr>\n<tr>\n<td width=\"100%\">\n<p style=\"text-align: center;\"><u>Polonia<\/u><\/p>\n<\/td>\n<\/tr>\n<tr>\n<td width=\"100%\">\n<p><strong>16. <\/strong><strong>Come si intitola l&#8217;inno d&#8217;Europa?<\/strong><\/p>\n<\/td>\n<\/tr>\n<tr>\n<td width=\"100%\">\n<p style=\"text-align: center;\"><u>Inno alla gioia<\/u><\/p>\n<\/td>\n<\/tr>\n<tr>\n<td width=\"100%\">\n<p><strong>17. <\/strong><strong>In che stato si trova l&#8217;unica foresta pluviale d&#8217;Europa?<\/strong><\/p>\n<\/td>\n<\/tr>\n<tr>\n<td width=\"100%\">\n<p style=\"text-align: center;\"><u>Bosnia Erzegovina<\/u><\/p>\n<\/td>\n<\/tr>\n<tr>\n<td width=\"100%\">\n<p><strong>18. <\/strong><strong>Quale \u00e8 uno degli Stati indipendenti pi\u00f9 antico d&#8217;Europa?<\/strong><\/p>\n<\/td>\n<\/tr>\n<tr>\n<td width=\"100%\">\n<p style=\"text-align: center;\"><u>San Marino<\/u><\/p>\n<\/td>\n<\/tr>\n<tr>\n<td width=\"100%\">\n<p><strong>19. <\/strong><strong>Dopo quale importante guerra prende realmente corpo il sogno di un&#8217; Europa Unita?<\/strong><\/p>\n<\/td>\n<\/tr>\n<tr>\n<td width=\"100%\">\n<p style=\"text-align: center;\"><u>Seconda guerra mondiale<\/u><\/p>\n<\/td>\n<\/tr>\n<tr>\n<td width=\"100%\">\n<p><strong>20. <\/strong><strong>Quale \u00e8 la lingua pi\u00f9 parlata in Europa?<\/strong><\/p>\n<\/td>\n<\/tr>\n<tr>\n<td width=\"100%\">\n<p style=\"text-align: center;\"><u>Inglese<\/u><\/p>\n<\/td>\n<\/tr>\n<\/tbody>\n<\/table>\n<\/div>\n<p>\u00a0<\/p>\n[\/et_pb_text][\/et_pb_column][\/et_pb_row][\/et_pb_section]\n","protected":false},"excerpt":{"rendered":"<p><div class=\"et_pb_row et_pb_row_0 et_pb_row_empty\">\n\t\t\t\t\n\t\t\t\t\n\t\t\t\t\n\t\t\t\t\n\t\t\t\t\n\t\t\t<\/div> 1.\u00a0\u00a0\u00a0\u00a0 Quale \u00e8 il secondo Principio delle Guide d\u2019Europa?Fedele alla sua Patria, la Guida \u00e8 per l&#8217;Europa fraternamente unita2.\u00a0\u00a0\u00a0\u00a0 Cosa significa l\u2019anello formato dal pollice, dall\u2019indice e dal palmo della mano nel Saluto Scout?Ricorda il cerchio della fraternit\u00e0 scout3.\u00a0\u00a0\u00a0\u00a0 Cosa significano le bande orizzontali bianche e nere sulla bandiera FSE (Orifiamma)?Il nero rappresenta il [&hellip;]<\/p>\n","protected":false},"author":566,"featured_media":0,"parent":0,"menu_order":0,"comment_status":"closed","ping_status":"closed","template":"","meta":{"_et_pb_use_builder":"on","_et_pb_old_content":"","_et_gb_content_width":"","footnotes":""},"class_list":["post-5843","page","type-page","status-publish","hentry"],"_links":{"self":[{"href":"https:\/\/scout.fse.it\/guide\/wp-json\/wp\/v2\/pages\/5843","targetHints":{"allow":["GET"]}}],"collection":[{"href":"https:\/\/scout.fse.it\/guide\/wp-json\/wp\/v2\/pages"}],"about":[{"href":"https:\/\/scout.fse.it\/guide\/wp-json\/wp\/v2\/types\/page"}],"author":[{"embeddable":true,"href":"https:\/\/scout.fse.it\/guide\/wp-json\/wp\/v2\/users\/566"}],"replies":[{"embeddable":true,"href":"https:\/\/scout.fse.it\/guide\/wp-json\/wp\/v2\/comments?post=5843"}],"version-history":[{"count":2,"href":"https:\/\/scout.fse.it\/guide\/wp-json\/wp\/v2\/pages\/5843\/revisions"}],"predecessor-version":[{"id":5946,"href":"https:\/\/scout.fse.it\/guide\/wp-json\/wp\/v2\/pages\/5843\/revisions\/5946"}],"wp:attachment":[{"href":"https:\/\/scout.fse.it\/guide\/wp-json\/wp\/v2\/media?parent=5843"}],"curies":[{"name":"wp","href":"https:\/\/api.w.org\/{rel}","templated":true}]}}