{"id":522,"date":"2015-10-14T11:55:34","date_gmt":"2015-10-14T09:55:34","guid":{"rendered":"http:\/\/scout.fse.it\/rover\/?page_id=522"},"modified":"2021-03-22T12:45:36","modified_gmt":"2021-03-22T11:45:36","slug":"home-page-rover","status":"publish","type":"page","link":"https:\/\/scout.fse.it\/rover\/","title":{"rendered":"Home Page Rover"},"content":{"rendered":"[et_pb_section fb_built=&#8221;1&#8243; fullwidth=&#8221;on&#8221; disabled_on=&#8221;on||&#8221; admin_label=&#8221;section&#8221; _builder_version=&#8221;3.22.6&#8243; inner_width_tablet=&#8221;50px&#8221; inner_max_width_tablet=&#8221;50px&#8221; z_index_tablet=&#8221;500&#8243;][et_pb_fullwidth_slider _builder_version=&#8221;3.22.6&#8243; parallax=&#8221;on&#8221; custom_padding=&#8221;|||&#8221; auto=&#8221;on&#8221; auto_speed=&#8221;6000&#8243; auto_ignore_hover=&#8221;on&#8221; z_index_tablet=&#8221;500&#8243; custom_css_slide_description=&#8221; margin-top: 150px;|| margin-bottom: 200px;|| background-color: rgba(204, 0, 0, 0.85)!important;||width: 400px;|| height: 400px;|| -webkit-border-radius: 50%;|| -moz-border-radius: 50%;|| border-radius: 50%;||padding:130px 30px 0px 30px;|| zoom: 1;|| filter: alpha(opacity=75);|| opacity: 0.7;&#8221; saved_tabs=&#8221;all&#8221; button_text_size__hover_enabled=&#8221;off&#8221; button_text_size__hover=&#8221;null&#8221; button_one_text_size__hover_enabled=&#8221;off&#8221; button_one_text_size__hover=&#8221;null&#8221; button_two_text_size__hover_enabled=&#8221;off&#8221; button_two_text_size__hover=&#8221;null&#8221; button_text_color__hover_enabled=&#8221;off&#8221; button_text_color__hover=&#8221;null&#8221; button_one_text_color__hover_enabled=&#8221;off&#8221; button_one_text_color__hover=&#8221;null&#8221; button_two_text_color__hover_enabled=&#8221;off&#8221; button_two_text_color__hover=&#8221;null&#8221; button_border_width__hover_enabled=&#8221;off&#8221; button_border_width__hover=&#8221;null&#8221; button_one_border_width__hover_enabled=&#8221;off&#8221; button_one_border_width__hover=&#8221;null&#8221; button_two_border_width__hover_enabled=&#8221;off&#8221; button_two_border_width__hover=&#8221;null&#8221; button_border_color__hover_enabled=&#8221;off&#8221; button_border_color__hover=&#8221;null&#8221; button_one_border_color__hover_enabled=&#8221;off&#8221; button_one_border_color__hover=&#8221;null&#8221; button_two_border_color__hover_enabled=&#8221;off&#8221; button_two_border_color__hover=&#8221;null&#8221; button_border_radius__hover_enabled=&#8221;off&#8221; button_border_radius__hover=&#8221;null&#8221; button_one_border_radius__hover_enabled=&#8221;off&#8221; button_one_border_radius__hover=&#8221;null&#8221; button_two_border_radius__hover_enabled=&#8221;off&#8221; button_two_border_radius__hover=&#8221;null&#8221; button_letter_spacing__hover_enabled=&#8221;off&#8221; button_letter_spacing__hover=&#8221;null&#8221; button_one_letter_spacing__hover_enabled=&#8221;off&#8221; button_one_letter_spacing__hover=&#8221;null&#8221; button_two_letter_spacing__hover_enabled=&#8221;off&#8221; button_two_letter_spacing__hover=&#8221;null&#8221; button_bg_color__hover_enabled=&#8221;off&#8221; button_bg_color__hover=&#8221;null&#8221; button_one_bg_color__hover_enabled=&#8221;off&#8221; button_one_bg_color__hover=&#8221;null&#8221; button_two_bg_color__hover_enabled=&#8221;off&#8221; button_two_bg_color__hover=&#8221;null&#8221;][et_pb_slide heading=&#8221;I Rover&#8221; use_bg_overlay=&#8221;off&#8221; use_text_overlay=&#8221;off&#8221; _builder_version=&#8221;3.22.6&#8243; background_image=&#8221;https:\/\/portalistorage.blob.core.windows.net\/portale-rover\/2019\/02\/WhatsApp-Image-2019-02-11-at-16.57.59.jpeg&#8221; parallax=&#8221;on&#8221; button_on_hover=&#8221;on&#8221; sticky_transition=&#8221;on&#8221;]\n<p>Lungo la strada il <strong>Rover<\/strong> matura le sue scelte di vita per divenire un <strong>Uomo nel significato completo e cristiano<\/strong> della parola.<\/p>\n[\/et_pb_slide][et_pb_slide heading=&#8221;I rover&#8221; use_bg_overlay=&#8221;off&#8221; use_text_overlay=&#8221;off&#8221; _builder_version=&#8221;3.22.6&#8243; background_image=&#8221;https:\/\/portalistorage.blob.core.windows.net\/portale-rover\/2019\/02\/perhome.jpg&#8221; button_on_hover=&#8221;on&#8221; sticky_transition=&#8221;on&#8221;]\n<p>Con la cerimonia della Partenza, il Rover si impegna a realizzare i pi\u00f9 <strong>alti valori<\/strong> di vita e svolgere un <strong>servizio continuativo<\/strong> e <strong>disinteressato<\/strong> .<\/p>\n[\/et_pb_slide][et_pb_slide heading=&#8221;I rover&#8221; use_bg_overlay=&#8221;off&#8221; use_text_overlay=&#8221;off&#8221; _builder_version=&#8221;3.22.6&#8243; background_color=&#8221;#ffcc00&#8243; background_image=&#8221;https:\/\/portalistorage.blob.core.windows.net\/portale-rover\/2019\/02\/hedaer2.jpg&#8221; button_on_hover=&#8221;on&#8221; sticky_transition=&#8221;on&#8221;]\n<p>Quando la sera scende<br \/>dopo iI lungo marciar<br \/>amiamo intorno al fuoco<br \/><strong>insieme<\/strong> riposar&#8230;<\/p>\n[\/et_pb_slide][\/et_pb_fullwidth_slider][\/et_pb_section][et_pb_section fb_built=&#8221;1&#8243; custom_padding_last_edited=&#8221;on|desktop&#8221; disabled_on=&#8221;on||&#8221; admin_label=&#8221;section&#8221; module_class=&#8221;img-centrale &#8221; _builder_version=&#8221;3.22.3&#8243; custom_padding_tablet=&#8221;50px|0|50px|0&#8243; custom_padding_phone=&#8221;&#8221;][et_pb_row padding_mobile=&#8221;off&#8221; admin_label=&#8221;row&#8221; _builder_version=&#8221;3.25&#8243; background_size=&#8221;initial&#8221; background_position=&#8221;top_left&#8221; background_repeat=&#8221;repeat&#8221; custom_css_main_element=&#8221; background: none!important;||margin-top: -223px!important;||z-index:2;||-webkit-box-shadow: none;||box-shadow: none;&#8221; make_fullwidth=&#8221;off&#8221; use_custom_width=&#8221;off&#8221; width_unit=&#8221;on&#8221;][et_pb_column type=&#8221;4_4&#8243; _builder_version=&#8221;3.25&#8243; custom_padding=&#8221;|||&#8221; custom_padding__hover=&#8221;|||&#8221;][et_pb_image src=&#8221;https:\/\/portalistorage.blob.core.windows.net\/portale-rover\/2019\/02\/shapeReS-e1549898947527.png&#8221; align_tablet=&#8221;center&#8221; align_phone=&#8221;&#8221; align_last_edited=&#8221;on|desktop&#8221; _builder_version=&#8221;3.23&#8243; animation_style=&#8221;slide&#8221; animation_direction=&#8221;bottom&#8221; animation_duration=&#8221;500ms&#8221; animation_intensity_slide=&#8221;10%&#8221; use_border_color=&#8221;off&#8221; saved_tabs=&#8221;all&#8221;][\/et_pb_image][\/et_pb_column][\/et_pb_row][\/et_pb_section][et_pb_section fb_built=&#8221;1&#8243; disabled_on=&#8221;on||&#8221; admin_label=&#8221;section&#8221; _builder_version=&#8221;3.22.3&#8243;][et_pb_row padding_mobile=&#8221;off&#8221; admin_label=&#8221;row&#8221; _builder_version=&#8221;3.25&#8243; background_size=&#8221;initial&#8221; background_position=&#8221;top_left&#8221; background_repeat=&#8221;repeat&#8221; custom_css_main_element=&#8221; background: none!important;||margin-top: -110px!important;||margin-bottom: -80px!important;||-webkit-box-shadow: none;||box-shadow: none;&#8221; make_fullwidth=&#8221;off&#8221; use_custom_width=&#8221;off&#8221; width_unit=&#8221;on&#8221;][et_pb_column type=&#8221;4_4&#8243; _builder_version=&#8221;3.25&#8243; custom_padding=&#8221;|||&#8221; custom_padding__hover=&#8221;|||&#8221;][et_pb_text _builder_version=&#8221;3.27.4&#8243; text_font=&#8221;||||&#8221; text_text_color=&#8221;#333333&#8243; text_font_size=&#8221;20&#8243; background_size=&#8221;initial&#8221; background_position=&#8221;top_left&#8221; background_repeat=&#8221;repeat&#8221; text_orientation=&#8221;center&#8221; module_alignment=&#8221;center&#8221; custom_css_main_element=&#8221; background: none!important;&#8221; use_border_color=&#8221;off&#8221; border_color=&#8221;#ffffff&#8221; border_style=&#8221;solid&#8221; saved_tabs=&#8221;all&#8221;]\n<p>&#8220;\u00c8 per voi giovani che scrivo, voi che avete il buon senso di guardare innanzi, <br \/>ansiosi di vedere in che direzione andare e che cosa dovete fare nella vita.&#8221;<\/p>\n<p>\u2013\u00a0BP, La strada verso il successo\u00a0&#8211;<\/p>\n[\/et_pb_text][\/et_pb_column][\/et_pb_row][\/et_pb_section][et_pb_section fb_built=&#8221;1&#8243; custom_padding_last_edited=&#8221;on|desktop&#8221; admin_label=&#8221;section&#8221; _builder_version=&#8221;3.22.3&#8243; custom_padding_tablet=&#8221;50px|0|50px|0&#8243; custom_padding_phone=&#8221;&#8221; custom_css_main_element=&#8221;||z-index: 3||&#8221; transparent_background=&#8221;off&#8221; padding_mobile=&#8221;off&#8221; make_fullwidth=&#8221;off&#8221; use_custom_width=&#8221;off&#8221; width_unit=&#8221;on&#8221;][et_pb_row column_structure=&#8221;1_2,1_2&#8243; use_custom_gutter=&#8221;on&#8221; gutter_width=&#8221;2&#8243; admin_label=&#8221;row&#8221; _builder_version=&#8221;3.25&#8243; background_size=&#8221;initial&#8221; background_position=&#8221;top_left&#8221; background_repeat=&#8221;repeat&#8221;][et_pb_column type=&#8221;1_2&#8243; _builder_version=&#8221;3.25&#8243; custom_padding=&#8221;|||&#8221; custom_padding__hover=&#8221;|||&#8221;][et_pb_text _builder_version=&#8221;3.27.4&#8243; background_size=&#8221;initial&#8221; background_position=&#8221;top_left&#8221; background_repeat=&#8221;repeat&#8221; module_alignment=&#8221;left&#8221; use_border_color=&#8221;off&#8221; saved_tabs=&#8221;all&#8221;]\n<h1>Nello zaino&#8230;<\/h1>\n<hr class=\"barra\" \/>\n[\/et_pb_text][et_pb_blog posts_number=&#8221;1&#8243; include_categories=&#8221;5&#8243; show_thumbnail=&#8221;off&#8221; show_more=&#8221;on&#8221; show_author=&#8221;off&#8221; show_date=&#8221;off&#8221; show_pagination=&#8221;off&#8221; _builder_version=&#8221;3.22.6&#8243; background_color=&#8221;#f0f0f0&#8243; z_index_tablet=&#8221;500&#8243;][\/et_pb_blog][\/et_pb_column][et_pb_column type=&#8221;1_2&#8243; _builder_version=&#8221;3.25&#8243; custom_padding=&#8221;|||&#8221; custom_padding__hover=&#8221;|||&#8221;][et_pb_text _builder_version=&#8221;3.27.4&#8243; background_size=&#8221;initial&#8221; background_position=&#8221;top_left&#8221; background_repeat=&#8221;repeat&#8221; module_alignment=&#8221;left&#8221; use_border_color=&#8221;off&#8221; saved_tabs=&#8221;all&#8221;]\n<h1>Agor\u00e0<\/h1>\n<hr class=\"barra\" \/>\n[\/et_pb_text][et_pb_blog posts_number=&#8221;1&#8243; include_categories=&#8221;2&#8243; show_thumbnail=&#8221;off&#8221; show_more=&#8221;on&#8221; show_author=&#8221;off&#8221; show_date=&#8221;off&#8221; show_pagination=&#8221;off&#8221; _builder_version=&#8221;3.22.6&#8243; background_color=&#8221;#f0f0f0&#8243; z_index_tablet=&#8221;500&#8243;][\/et_pb_blog][\/et_pb_column][\/et_pb_row][\/et_pb_section][et_pb_section fb_built=&#8221;1&#8243; inner_shadow=&#8221;on&#8221; fullwidth=&#8221;on&#8221; custom_padding_last_edited=&#8221;on|desktop&#8221; admin_label=&#8221;section&#8221; _builder_version=&#8221;3.22.6&#8243; background_image=&#8221;https:\/\/portalistorage.blob.core.windows.net\/portale-rover\/2019\/02\/header.jpg&#8221; parallax=&#8221;on&#8221; parallax_method=&#8221;off&#8221; inner_width_tablet=&#8221;50px&#8221; inner_max_width_tablet=&#8221;50px&#8221; custom_padding_tablet=&#8221;50px|0|50px|0&#8243; custom_padding_phone=&#8221;&#8221; z_index_tablet=&#8221;500&#8243;][et_pb_fullwidth_header title=&#8221;OGGI MEGLIO DI IERI, DOMANI MEGLIO DI OGGI&#8221; _builder_version=&#8221;3.22.6&#8243; title_text_color=&#8221;#ffffff&#8221; background_color=&#8221;rgba(255, 255, 255, 0)&#8221; parallax=&#8221;on&#8221; background_layout=&#8221;light&#8221; z_index_tablet=&#8221;500&#8243; button_one_text_size__hover_enabled=&#8221;off&#8221; button_one_text_size__hover=&#8221;null&#8221; button_two_text_size__hover_enabled=&#8221;off&#8221; button_two_text_size__hover=&#8221;null&#8221; button_one_text_color__hover_enabled=&#8221;off&#8221; button_one_text_color__hover=&#8221;null&#8221; button_two_text_color__hover_enabled=&#8221;off&#8221; button_two_text_color__hover=&#8221;null&#8221; button_one_border_width__hover_enabled=&#8221;off&#8221; button_one_border_width__hover=&#8221;null&#8221; button_two_border_width__hover_enabled=&#8221;off&#8221; button_two_border_width__hover=&#8221;null&#8221; button_one_border_color__hover_enabled=&#8221;off&#8221; button_one_border_color__hover=&#8221;null&#8221; button_two_border_color__hover_enabled=&#8221;off&#8221; button_two_border_color__hover=&#8221;null&#8221; button_one_border_radius__hover_enabled=&#8221;off&#8221; button_one_border_radius__hover=&#8221;null&#8221; button_two_border_radius__hover_enabled=&#8221;off&#8221; button_two_border_radius__hover=&#8221;null&#8221; button_one_letter_spacing__hover_enabled=&#8221;off&#8221; button_one_letter_spacing__hover=&#8221;null&#8221; button_two_letter_spacing__hover_enabled=&#8221;off&#8221; button_two_letter_spacing__hover=&#8221;null&#8221; button_one_bg_color__hover_enabled=&#8221;off&#8221; button_one_bg_color__hover=&#8221;null&#8221; button_two_bg_color__hover_enabled=&#8221;off&#8221; button_two_bg_color__hover=&#8221;null&#8221;][\/et_pb_fullwidth_header][\/et_pb_section][et_pb_section fb_built=&#8221;1&#8243; custom_padding_last_edited=&#8221;on|desktop&#8221; admin_label=&#8221;section&#8221; _builder_version=&#8221;3.22.3&#8243; custom_padding_tablet=&#8221;50px|0|50px|0&#8243; custom_padding_phone=&#8221;&#8221; transparent_background=&#8221;off&#8221; padding_mobile=&#8221;off&#8221; make_fullwidth=&#8221;off&#8221; use_custom_width=&#8221;off&#8221; width_unit=&#8221;on&#8221;][et_pb_row column_structure=&#8221;1_4,1_4,1_4,1_4&#8243; admin_label=&#8221;row&#8221; _builder_version=&#8221;3.25&#8243; background_size=&#8221;initial&#8221; background_position=&#8221;top_left&#8221; background_repeat=&#8221;repeat&#8221; module_alignment=&#8221;center&#8221; custom_css_main_element=&#8221;background:none!important;||-webkit-box-shadow: none;||box-shadow: none;&#8221;][et_pb_column type=&#8221;1_4&#8243; _builder_version=&#8221;3.25&#8243; custom_padding=&#8221;|||&#8221; custom_padding__hover=&#8221;|||&#8221;][et_pb_blurb title=&#8221;Strada&#8221; url=&#8221;http:\/\/scout.fse.it\/rover\/strada\/&#8221; image=&#8221;https:\/\/portalistorage.blob.core.windows.net\/portale-rover\/2015\/10\/icone_portale_ReS6-e1549898390455.png&#8221; admin_label=&#8221;Strada&#8221; _builder_version=&#8221;3.18.9&#8243; background_size=&#8221;initial&#8221; background_position=&#8221;top_left&#8221; background_repeat=&#8221;repeat&#8221; text_orientation=&#8221;center&#8221; max_width_tablet=&#8221;50px&#8221; link_option_url=&#8221;http:\/\/scout.fse.it\/rover\/strada\/&#8221;]\n<p><i>Camminare nella natura <br \/>opera di Dio<\/i><\/p>\n[\/et_pb_blurb][\/et_pb_column][et_pb_column type=&#8221;1_4&#8243; _builder_version=&#8221;3.25&#8243; custom_padding=&#8221;|||&#8221; custom_padding__hover=&#8221;|||&#8221;][et_pb_blurb title=&#8221;Comunit\u00e0&#8221; url=&#8221;http:\/\/scout.fse.it\/rover\/comunita\/&#8221; image=&#8221;https:\/\/portalistorage.blob.core.windows.net\/portale-rover\/2019\/02\/icone_portale_ReS1-e1549898691471.png&#8221; admin_label=&#8221;comunit\u00e0&#8221; _builder_version=&#8221;3.18.9&#8243; background_size=&#8221;initial&#8221; background_position=&#8221;top_left&#8221; background_repeat=&#8221;repeat&#8221; text_orientation=&#8221;center&#8221; max_width_tablet=&#8221;50px&#8221; link_option_url=&#8221;http:\/\/scout.fse.it\/rover\/comunita\/&#8221;]\n<p><i>Conoscersi <br \/>per essere Fratelli<\/i><\/p>\n[\/et_pb_blurb][\/et_pb_column][et_pb_column type=&#8221;1_4&#8243; _builder_version=&#8221;3.25&#8243; custom_padding=&#8221;|||&#8221; custom_padding__hover=&#8221;|||&#8221;][et_pb_blurb title=&#8221;Tecniche&#8221; url=&#8221;http:\/\/scout.fse.it\/rover\/tecniche\/&#8221; image=&#8221;https:\/\/portalistorage.blob.core.windows.net\/portale-rover\/2015\/10\/icone_portale_ReS2-e1549898562654.png&#8221; admin_label=&#8221;Tecniche&#8221; _builder_version=&#8221;3.18.9&#8243; background_size=&#8221;initial&#8221; background_position=&#8221;top_left&#8221; background_repeat=&#8221;repeat&#8221; text_orientation=&#8221;center&#8221; max_width_tablet=&#8221;50px&#8221; link_option_url=&#8221;http:\/\/scout.fse.it\/rover\/tecniche\/&#8221;]\n<p><em>Essere preparati per servire il prossimo<\/em><\/p>\n[\/et_pb_blurb][\/et_pb_column][et_pb_column type=&#8221;1_4&#8243; _builder_version=&#8221;3.25&#8243; custom_padding=&#8221;|||&#8221; custom_padding__hover=&#8221;|||&#8221;][et_pb_blurb title=&#8221;Agor\u00e0&#8221; url=&#8221;http:\/\/scout.fse.it\/rover\/agora\/&#8221; image=&#8221;https:\/\/portalistorage.blob.core.windows.net\/portale-rover\/2019\/02\/icone_portale_ReS3-e1549898500312.png&#8221; admin_label=&#8221;spiritualit\u00e0&#8221; _builder_version=&#8221;3.18.9&#8243; background_size=&#8221;initial&#8221; background_position=&#8221;top_left&#8221; background_repeat=&#8221;repeat&#8221; text_orientation=&#8221;center&#8221; max_width_tablet=&#8221;50px&#8221; link_option_url=&#8221;http:\/\/scout.fse.it\/rover\/agora\/&#8221;]\n<p><em>Crocevia per lo spirito<\/em><\/p>\n[\/et_pb_blurb][\/et_pb_column][\/et_pb_row][\/et_pb_section][et_pb_section fb_built=&#8221;1&#8243; custom_padding_last_edited=&#8221;on|desktop&#8221; admin_label=&#8221;section&#8221; _builder_version=&#8221;3.22.3&#8243; custom_padding_tablet=&#8221;50px|0|50px|0&#8243; custom_padding_phone=&#8221;&#8221; custom_css_main_element=&#8221;||z-index: 3||&#8221; transparent_background=&#8221;off&#8221; padding_mobile=&#8221;off&#8221; make_fullwidth=&#8221;off&#8221; use_custom_width=&#8221;off&#8221; width_unit=&#8221;on&#8221;][et_pb_row column_structure=&#8221;1_3,1_3,1_3&#8243; use_custom_gutter=&#8221;on&#8221; gutter_width=&#8221;2&#8243; admin_label=&#8221;row&#8221; _builder_version=&#8221;3.25&#8243; background_size=&#8221;initial&#8221; background_position=&#8221;top_left&#8221; background_repeat=&#8221;repeat&#8221;][et_pb_column type=&#8221;1_3&#8243; _builder_version=&#8221;3.25&#8243; custom_padding=&#8221;|||&#8221; custom_padding__hover=&#8221;|||&#8221;][et_pb_text _builder_version=&#8221;3.27.4&#8243; background_size=&#8221;initial&#8221; background_position=&#8221;top_left&#8221; background_repeat=&#8221;repeat&#8221; module_alignment=&#8221;left&#8221; use_border_color=&#8221;off&#8221; saved_tabs=&#8221;all&#8221;]\n<h1>Cerca per argomento&#8230;<\/h1>\n<hr class=\"barra\" \/>\n[\/et_pb_text][et_pb_sidebar area=&#8221;et_pb_widget_area_1&#8243; _builder_version=&#8221;3.22.6&#8243; z_index_tablet=&#8221;500&#8243;][\/et_pb_sidebar][\/et_pb_column][et_pb_column _builder_version=&#8221;4.8.2&#8243; _module_preset=&#8221;default&#8221; type=&#8221;1_3&#8243;][et_pb_text _builder_version=&#8221;3.27.4&#8243; background_size=&#8221;initial&#8221; background_position=&#8221;top_left&#8221; background_repeat=&#8221;repeat&#8221; module_alignment=&#8221;left&#8221; use_border_color=&#8221;off&#8221; saved_tabs=&#8221;all&#8221;]\n<h1>Preghiera del Rover<\/h1>\n<hr class=\"barra\" \/>\n[\/et_pb_text][et_pb_text _builder_version=&#8221;3.27.4&#8243;]\n<p>Signore mio Dio, padre buono,<br \/> ti offro per mezzo di Ges\u00f9 la mia adorazione e la mia lode, <br \/>ti ringrazio per la gioia che mi hai fatto trovare nel roverismo, <br \/>soprattutto per i fratelli che mi hai fatto conoscere e servire. <br \/>Ti offro me stesso con tutti i doni che mi hai dato. <br \/>Aiutami a fare del mio meglio per compiere il mio dovere. <br \/>Fa che io sia fedele alla mia promessa fino a quando la mia strada mi condurr\u00e0 a te.<\/p>\n<p>Cos\u00ec sia<\/p>\n[\/et_pb_text][\/et_pb_column][et_pb_column type=&#8221;1_3&#8243; _builder_version=&#8221;3.25&#8243; custom_padding=&#8221;|||&#8221; custom_padding__hover=&#8221;|||&#8221;][et_pb_text _builder_version=&#8221;3.27.4&#8243; background_size=&#8221;initial&#8221; background_position=&#8221;top_left&#8221; background_repeat=&#8221;repeat&#8221; module_alignment=&#8221;left&#8221; use_border_color=&#8221;off&#8221; saved_tabs=&#8221;all&#8221;]\n<h1>Preghiera del Capo<\/h1>\n<hr class=\"barra\" \/>[\/et_pb_text][et_pb_text _builder_version=&#8221;3.27.4&#8243;]\n<p><span>Fa, Signore, che io ti conosca. E la conoscenza mi porti ad amarti, e l\u2019amore mi sproni a servirti ogni giorno pi\u00f9 generosamente. Ch\u2019io veda, ami e serva te in tutti i miei fratelli, ma particolarmente in coloro che mi hai affidati. Te li raccomando perci\u00f2, Signore, come quanto ho di pi\u00f9 caro, perch\u00e9 sei tu che me li hai dati e a te devono ritornare. Con la tua grazia, Signore, fa che io sia sempre loro d&#8217;esempio e mai d\u2019inciampo: che essi in me vedano te, e io in loro te solo cerchi: cos\u00ec l\u2019amore nostro sar\u00e0 perfetto. E al termine della mia giornata terrena l\u2019essere stato capo mi sia di lode e non di condanna.<\/span><\/p>\n<p>Cos\u00ec sia<\/p>\n[\/et_pb_text][\/et_pb_column][\/et_pb_row][\/et_pb_section]\n","protected":false},"excerpt":{"rendered":"<p>[et_pb_section fb_built=&#8221;1&#8243; fullwidth=&#8221;on&#8221; disabled_on=&#8221;on||&#8221; admin_label=&#8221;section&#8221; _builder_version=&#8221;3.22.6&#8243; inner_width_tablet=&#8221;50px&#8221; inner_max_width_tablet=&#8221;50px&#8221; z_index_tablet=&#8221;500&#8243;][et_pb_fullwidth_slider _builder_version=&#8221;3.22.6&#8243; parallax=&#8221;on&#8221; custom_padding=&#8221;|||&#8221; auto=&#8221;on&#8221; auto_speed=&#8221;6000&#8243; auto_ignore_hover=&#8221;on&#8221; z_index_tablet=&#8221;500&#8243; custom_css_slide_description=&#8221; margin-top: 150px;|| margin-bottom: 200px;|| background-color: rgba(204, 0, 0, 0.85)!important;||width: 400px;|| height: 400px;|| -webkit-border-radius: 50%;|| -moz-border-radius: 50%;|| border-radius: 50%;||padding:130px 30px 0px 30px;|| zoom: 1;|| filter: alpha(opacity=75);|| opacity: 0.7;&#8221; saved_tabs=&#8221;all&#8221; button_text_size__hover_enabled=&#8221;off&#8221; button_text_size__hover=&#8221;null&#8221; button_one_text_size__hover_enabled=&#8221;off&#8221; button_one_text_size__hover=&#8221;null&#8221; button_two_text_size__hover_enabled=&#8221;off&#8221; button_two_text_size__hover=&#8221;null&#8221; button_text_color__hover_enabled=&#8221;off&#8221; button_text_color__hover=&#8221;null&#8221; button_one_text_color__hover_enabled=&#8221;off&#8221; button_one_text_color__hover=&#8221;null&#8221; [&hellip;]<\/p>\n","protected":false},"author":2,"featured_media":0,"parent":0,"menu_order":0,"comment_status":"open","ping_status":"open","template":"","meta":{"_et_pb_use_builder":"on","_et_pb_old_content":"","_et_gb_content_width":"","footnotes":""},"class_list":["post-522","page","type-page","status-publish","hentry"],"_links":{"self":[{"href":"https:\/\/scout.fse.it\/rover\/wp-json\/wp\/v2\/pages\/522","targetHints":{"allow":["GET"]}}],"collection":[{"href":"https:\/\/scout.fse.it\/rover\/wp-json\/wp\/v2\/pages"}],"about":[{"href":"https:\/\/scout.fse.it\/rover\/wp-json\/wp\/v2\/types\/page"}],"author":[{"embeddable":true,"href":"https:\/\/scout.fse.it\/rover\/wp-json\/wp\/v2\/users\/2"}],"replies":[{"embeddable":true,"href":"https:\/\/scout.fse.it\/rover\/wp-json\/wp\/v2\/comments?post=522"}],"version-history":[{"count":8,"href":"https:\/\/scout.fse.it\/rover\/wp-json\/wp\/v2\/pages\/522\/revisions"}],"predecessor-version":[{"id":1094,"href":"https:\/\/scout.fse.it\/rover\/wp-json\/wp\/v2\/pages\/522\/revisions\/1094"}],"wp:attachment":[{"href":"https:\/\/scout.fse.it\/rover\/wp-json\/wp\/v2\/media?parent=522"}],"curies":[{"name":"wp","href":"https:\/\/api.w.org\/{rel}","templated":true}]}}